{"id":19,"date":"2023-10-30T08:10:29","date_gmt":"2023-10-30T08:10:29","guid":{"rendered":"https:\/\/185.54.214.105\/?page_id=19"},"modified":"2024-08-02T08:35:08","modified_gmt":"2024-08-02T06:35:08","slug":"politica-aziendale-per-la-qualita","status":"publish","type":"page","link":"https:\/\/www.dalminels.com\/it\/politica-aziendale-per-la-qualita\/","title":{"rendered":"Politica Aziendale per la Qualita"},"content":{"rendered":"\t\t<div data-elementor-type=\"wp-page\" data-elementor-id=\"19\" class=\"elementor elementor-19\" data-elementor-post-type=\"page\">\n\t\t\t\t\t\t<section class=\"elementor-section elementor-top-section elementor-element elementor-element-b3429e1 elementor-section-full_width elementor-section-height-min-height elementor-section-height-default elementor-section-items-middle wpr-particle-no wpr-jarallax-no wpr-parallax-no wpr-sticky-section-no\" data-id=\"b3429e1\" data-element_type=\"section\" data-e-type=\"section\" data-settings=\"{&quot;background_background&quot;:&quot;classic&quot;}\">\n\t\t\t\t\t\t<div class=\"elementor-container elementor-column-gap-default\">\n\t\t\t\t\t<div class=\"elementor-column elementor-col-100 elementor-top-column elementor-element elementor-element-17b99cf\" data-id=\"17b99cf\" data-element_type=\"column\" data-e-type=\"column\">\n\t\t\t<div class=\"elementor-widget-wrap elementor-element-populated\">\n\t\t\t\t\t\t<section class=\"elementor-section elementor-inner-section elementor-element elementor-element-0291fa0 elementor-section-boxed elementor-section-height-default elementor-section-height-default wpr-particle-no wpr-jarallax-no wpr-parallax-no wpr-sticky-section-no\" data-id=\"0291fa0\" data-element_type=\"section\" data-e-type=\"section\">\n\t\t\t\t\t\t<div class=\"elementor-container elementor-column-gap-default\">\n\t\t\t\t\t<div class=\"elementor-column elementor-col-100 elementor-inner-column elementor-element elementor-element-e08531c\" data-id=\"e08531c\" data-element_type=\"column\" data-e-type=\"column\">\n\t\t\t<div class=\"elementor-widget-wrap elementor-element-populated\">\n\t\t\t\t\t\t<div class=\"elementor-element elementor-element-d2f3008 elementor-widget elementor-widget-heading\" data-id=\"d2f3008\" data-element_type=\"widget\" data-e-type=\"widget\" data-widget_type=\"heading.default\">\n\t\t\t\t<div class=\"elementor-widget-container\">\n\t\t\t\t\t<h2 class=\"elementor-heading-title elementor-size-default\">Politica Aziendale per la Qualita<\/h2>\t\t\t\t<\/div>\n\t\t\t\t<\/div>\n\t\t\t\t\t<\/div>\n\t\t<\/div>\n\t\t\t\t\t<\/div>\n\t\t<\/section>\n\t\t\t\t\t<\/div>\n\t\t<\/div>\n\t\t\t\t\t<\/div>\n\t\t<\/section>\n\t\t\t\t<section class=\"elementor-section elementor-top-section elementor-element elementor-element-8696d12 elementor-section-boxed elementor-section-height-default elementor-section-height-default wpr-particle-no wpr-jarallax-no wpr-parallax-no wpr-sticky-section-no\" data-id=\"8696d12\" data-element_type=\"section\" data-e-type=\"section\">\n\t\t\t\t\t\t<div class=\"elementor-container elementor-column-gap-default\">\n\t\t\t\t\t<div class=\"elementor-column elementor-col-100 elementor-top-column elementor-element elementor-element-f10aa24\" data-id=\"f10aa24\" data-element_type=\"column\" data-e-type=\"column\">\n\t\t\t<div class=\"elementor-widget-wrap elementor-element-populated\">\n\t\t\t\t\t\t<div class=\"elementor-element elementor-element-bf722f0 elementor-widget elementor-widget-spacer\" data-id=\"bf722f0\" data-element_type=\"widget\" data-e-type=\"widget\" data-widget_type=\"spacer.default\">\n\t\t\t\t<div class=\"elementor-widget-container\">\n\t\t\t\t\t\t\t<div class=\"elementor-spacer\">\n\t\t\t<div class=\"elementor-spacer-inner\"><\/div>\n\t\t<\/div>\n\t\t\t\t\t\t<\/div>\n\t\t\t\t<\/div>\n\t\t\t\t<div class=\"elementor-element elementor-element-38f5ad7 elementor-widget elementor-widget-text-editor\" data-id=\"38f5ad7\" data-element_type=\"widget\" data-e-type=\"widget\" data-widget_type=\"text-editor.default\">\n\t\t\t\t<div class=\"elementor-widget-container\">\n\t\t\t\t\t\t\t\t\t<p>La politica della qualit\u00e0 perseguita dalla <strong>Dalmine LS srl <\/strong>si basa sul principio che lo sviluppo e l\u2019applicazione del \u201c<strong>Sistema di Gestione per la Qualit\u00e0<\/strong>\u201d, nel rispetto delle norme UNI EN ISO 9001:2015, rappresenta il principale fattore di eccellenza e competitivit\u00e0 della societ\u00e0. Inoltre, si ritiene la certificazione del proprio sistema FPC secondo la UNI ISO 1090_1 nonch\u00e9 la certificazione 3834 del processo di saldatura aggiungano all\u2019azienda ulteriore prestigio e le permetta di operare nel mercato con professionalit\u00e0 nel rispetto delle leggi presenti.<\/p><p>A tal fine la Direzione della <strong>Dalmine LS <\/strong>ha stabilito le seguenti linee guida fondamentali<strong>:<\/strong><\/p><ul><li style=\"list-style-type: none;\">\u00a0<\/li><\/ul><ul><li style=\"list-style-type: none;\"><ul><li>ha stanziato i fondi ed ha messo a disposizione il personale e gli strumenti necessari alla realizzazione del Sistema di Gestione per la Qualit\u00e0 che viene costantemente monitorato e periodicamente valutato, misurando il raggiungimento degli obiettivi fissati per i processi controllati.<\/li><\/ul><\/li><\/ul><ul><li style=\"list-style-type: none;\"><ul><li>Dalmine LS pone la massima attenzione alle richieste ed aspettative del cliente, ai requisiti delle norme e regolamenti applicabili e al miglioramento continuo dell\u2019organizzazione e della soddisfazione del cliente e delle parti interessate.<\/li><\/ul><\/li><\/ul><ul><li style=\"list-style-type: none;\"><ul><li>Dalmine LS persegue la qualit\u00e0 in tutte le fasi di ogni processo, dove ogni dipendente \u00e8 coinvolto nel raggiungimento degli obiettivi.<\/li><\/ul><\/li><\/ul><ul><li style=\"list-style-type: none;\"><ul><li>La Direzione verifica periodicamente che questa politica sia appropriata agli scopi ed al contesto aziendale, attuata e condivisa ad ogni livello dell\u2019organizzazione stabilendo obiettivi di miglioramento continuo e di soddisfazione del cliente.\u00a0<\/li><\/ul><\/li><\/ul><p><strong style=\"text-align: var(--text-align); letter-spacing: 0px;\">Per ottemperare a questo la Direzione si impegna a:<\/strong><\/p><ul><li style=\"list-style-type: none;\"><ul><li style=\"list-style-type: none;\"><ul><li>Analizzare periodicamente il contesto aziendale in cui opera andandolo ad adeguare in relazione alle mutate situazioni di mercato e delle parti interessate coinvolte<\/li><li>Effettuare una valutazione dei rischi aziendali e definire le regole per la loro riduzione, ripetendo la medesima periodicamente<\/li><li>Fissare obiettivi e traguardi stimolanti che creino una chiara visione del futuro dell\u2019organizzazione<\/li><li>fornire al personale le necessarie risorse, l\u2019addestramento e la libert\u00e0 per agire con responsabilit\u00e0<\/li><li>favorire la comunicazione tra i diversi livelli della organizzazione<\/li><li>tenere conto delle esigenze di tutte le parti interessate, inclusi i clienti, la propriet\u00e0, il personale, i fornitori, le comunit\u00e0 locali e la collettivit\u00e0 in genere <strong>Affinch\u00e9 questi obiettivi vengano raggiunti e mantenuti sono previste:<\/strong><\/li><\/ul><\/li><\/ul><\/li><\/ul><p>Nell\u2019ambito della politica e delle strategie per la qualit\u00e0 la <strong>Dalmine LS <\/strong>persegue quindi i seguenti OBIETTIVI<\/p><p>PRIORITARI<\/p><p>&#8211; Definiti su parametri chiaramente identificati e misurabili:<\/p><ul><li style=\"list-style-type: none;\">\u00a0<\/li><\/ul><ul><li style=\"list-style-type: none;\"><ul><li><strong>espansione delle quote di mercato <\/strong><strong>\u2013 <\/strong><strong>nuovi prodotti, nuovi settori, nuovi clienti<\/strong><\/li><\/ul><\/li><\/ul><ul><li style=\"list-style-type: none;\"><ul><li><strong>riduzione dei ritorni e dei reclami da Cliente, monitoraggio della soddisfazione del cliente<\/strong><\/li><\/ul><\/li><\/ul><ul><li style=\"list-style-type: none;\"><ul><li><strong>ottimizzazione dei tempi di evasione delle commesse<\/strong><\/li><\/ul><\/li><\/ul><ul><li style=\"list-style-type: none;\"><ul><li><strong>miglioramento della produttivit\u00e0<\/strong><\/li><\/ul><\/li><\/ul><ul><li style=\"list-style-type: none;\"><ul><li><strong>crescita professionale del team di lavoro e miglioramento delle competenze tecniche.<\/strong> Tali obiettivi sono contenuti nel Piano di Miglioramento, che rappresenta il principale strumento direzionale per tradurre ed attuare i principi della Qualit\u00e0.<\/li><\/ul><\/li><\/ul><p><em>Piacenza, 20 dicembre 2022<\/em><\/p><p><strong>LA DIREZIONE<\/strong><\/p>\t\t\t\t\t\t\t\t<\/div>\n\t\t\t\t<\/div>\n\t\t\t\t\t<\/div>\n\t\t<\/div>\n\t\t\t\t\t<\/div>\n\t\t<\/section>\n\t\t\t\t<\/div>\n\t\t","protected":false},"excerpt":{"rendered":"<p>Politica Aziendale per la Qualita La politica della qualit\u00e0 perseguita dalla Dalmine LS srl si basa sul principio che lo sviluppo e l\u2019applicazione del \u201cSistema di Gestione per la Qualit\u00e0\u201d, nel rispetto delle norme UNI EN ISO 9001:2015, rappresenta il principale&#8230;<\/p>\n","protected":false},"author":3,"featured_media":0,"parent":0,"menu_order":23,"comment_status":"closed","ping_status":"closed","template":"elementor_header_footer","meta":{"footnotes":""},"class_list":["post-19","page","type-page","status-publish","hentry"],"yoast_head":"<!-- This site is optimized with the Yoast SEO plugin v27.2 - https:\/\/yoast.com\/product\/yoast-seo-wordpress\/ -->\n<title>Politica Aziendale per la Qualita - Dalmine LS<\/title>\n<meta name=\"robots\" content=\"noindex, nofollow\" \/>\n<meta property=\"og:locale\" content=\"it_IT\" \/>\n<meta property=\"og:type\" content=\"article\" \/>\n<meta property=\"og:title\" content=\"Politica Aziendale per la Qualita - Dalmine LS\" \/>\n<meta property=\"og:description\" content=\"Politica Aziendale per la Qualita La politica della qualit\u00e0 perseguita dalla Dalmine LS srl si basa sul principio che lo sviluppo e l\u2019applicazione del \u201cSistema di Gestione per la Qualit\u00e0\u201d, nel rispetto delle norme UNI EN ISO 9001:2015, rappresenta il principale...\" \/>\n<meta property=\"og:url\" content=\"https:\/\/www.dalminels.com\/it\/politica-aziendale-per-la-qualita\/\" \/>\n<meta property=\"og:site_name\" content=\"Dalmine LS\" \/>\n<meta property=\"article:modified_time\" content=\"2024-08-02T06:35:08+00:00\" \/>\n<meta property=\"og:image\" content=\"https:\/\/www.dalminels.com\/wp-content\/uploads\/2024\/07\/Case_0050_Macron_Distribution-Center_3.jpg\" \/>\n\t<meta property=\"og:image:width\" content=\"1100\" \/>\n\t<meta property=\"og:image:height\" content=\"900\" \/>\n\t<meta property=\"og:image:type\" content=\"image\/jpeg\" \/>\n<meta name=\"twitter:card\" content=\"summary_large_image\" \/>\n<meta name=\"twitter:label1\" content=\"Tempo di lettura stimato\" \/>\n\t<meta name=\"twitter:data1\" content=\"3 minuti\" \/>\n<script type=\"application\/ld+json\" class=\"yoast-schema-graph\">{\"@context\":\"https:\/\/schema.org\",\"@graph\":[{\"@type\":\"WebPage\",\"@id\":\"https:\/\/www.dalminels.com\/it\/politica-aziendale-per-la-qualita\/\",\"url\":\"https:\/\/www.dalminels.com\/it\/politica-aziendale-per-la-qualita\/\",\"name\":\"Politica Aziendale per la Qualita - Dalmine LS\",\"isPartOf\":{\"@id\":\"https:\/\/www.dalminels.com\/it\/#website\"},\"datePublished\":\"2023-10-30T08:10:29+00:00\",\"dateModified\":\"2024-08-02T06:35:08+00:00\",\"breadcrumb\":{\"@id\":\"https:\/\/www.dalminels.com\/it\/politica-aziendale-per-la-qualita\/#breadcrumb\"},\"inLanguage\":\"it-IT\",\"potentialAction\":[{\"@type\":\"ReadAction\",\"target\":[\"https:\/\/www.dalminels.com\/it\/politica-aziendale-per-la-qualita\/\"]}]},{\"@type\":\"BreadcrumbList\",\"@id\":\"https:\/\/www.dalminels.com\/it\/politica-aziendale-per-la-qualita\/#breadcrumb\",\"itemListElement\":[{\"@type\":\"ListItem\",\"position\":1,\"name\":\"Home\",\"item\":\"https:\/\/www.dalminels.com\/it\/\"},{\"@type\":\"ListItem\",\"position\":2,\"name\":\"Politica Aziendale per la Qualita\"}]},{\"@type\":\"WebSite\",\"@id\":\"https:\/\/www.dalminels.com\/it\/#website\",\"url\":\"https:\/\/www.dalminels.com\/it\/\",\"name\":\"Dalmine LS\",\"description\":\"We will Rack you!\",\"publisher\":{\"@id\":\"https:\/\/www.dalminels.com\/it\/#organization\"},\"alternateName\":\"Dalmime Logistic Solution\",\"potentialAction\":[{\"@type\":\"SearchAction\",\"target\":{\"@type\":\"EntryPoint\",\"urlTemplate\":\"https:\/\/www.dalminels.com\/it\/?s={search_term_string}\"},\"query-input\":{\"@type\":\"PropertyValueSpecification\",\"valueRequired\":true,\"valueName\":\"search_term_string\"}}],\"inLanguage\":\"it-IT\"},{\"@type\":\"Organization\",\"@id\":\"https:\/\/www.dalminels.com\/it\/#organization\",\"name\":\"Dalmine LS\",\"alternateName\":\"Dalmine Logistic Solutions\",\"url\":\"https:\/\/www.dalminels.com\/it\/\",\"logo\":{\"@type\":\"ImageObject\",\"inLanguage\":\"it-IT\",\"@id\":\"https:\/\/www.dalminels.com\/it\/#\/schema\/logo\/image\/\",\"url\":\"https:\/\/www.dalminels.com\/wp-content\/uploads\/2024\/06\/Logo-dalmine-3-8.png\",\"contentUrl\":\"https:\/\/www.dalminels.com\/wp-content\/uploads\/2024\/06\/Logo-dalmine-3-8.png\",\"width\":487,\"height\":115,\"caption\":\"Dalmine LS\"},\"image\":{\"@id\":\"https:\/\/www.dalminels.com\/it\/#\/schema\/logo\/image\/\"},\"sameAs\":[\"https:\/\/www.linkedin.com\/company\/dalmine-logistic-solutions\",\"https:\/\/www.youtube.com\/channel\/UCSf7QoZzPlXVJSAUBkGiNJQ\"]}]}<\/script>\n<!-- \/ Yoast SEO plugin. -->","yoast_head_json":{"title":"Politica Aziendale per la Qualita - Dalmine LS","robots":{"index":"noindex","follow":"nofollow"},"og_locale":"it_IT","og_type":"article","og_title":"Politica Aziendale per la Qualita - Dalmine LS","og_description":"Politica Aziendale per la Qualita La politica della qualit\u00e0 perseguita dalla Dalmine LS srl si basa sul principio che lo sviluppo e l\u2019applicazione del \u201cSistema di Gestione per la Qualit\u00e0\u201d, nel rispetto delle norme UNI EN ISO 9001:2015, rappresenta il principale...","og_url":"https:\/\/www.dalminels.com\/it\/politica-aziendale-per-la-qualita\/","og_site_name":"Dalmine LS","article_modified_time":"2024-08-02T06:35:08+00:00","og_image":[{"width":1100,"height":900,"url":"https:\/\/www.dalminels.com\/wp-content\/uploads\/2024\/07\/Case_0050_Macron_Distribution-Center_3.jpg","type":"image\/jpeg"}],"twitter_card":"summary_large_image","twitter_misc":{"Tempo di lettura stimato":"3 minuti"},"schema":{"@context":"https:\/\/schema.org","@graph":[{"@type":"WebPage","@id":"https:\/\/www.dalminels.com\/it\/politica-aziendale-per-la-qualita\/","url":"https:\/\/www.dalminels.com\/it\/politica-aziendale-per-la-qualita\/","name":"Politica Aziendale per la Qualita - Dalmine LS","isPartOf":{"@id":"https:\/\/www.dalminels.com\/it\/#website"},"datePublished":"2023-10-30T08:10:29+00:00","dateModified":"2024-08-02T06:35:08+00:00","breadcrumb":{"@id":"https:\/\/www.dalminels.com\/it\/politica-aziendale-per-la-qualita\/#breadcrumb"},"inLanguage":"it-IT","potentialAction":[{"@type":"ReadAction","target":["https:\/\/www.dalminels.com\/it\/politica-aziendale-per-la-qualita\/"]}]},{"@type":"BreadcrumbList","@id":"https:\/\/www.dalminels.com\/it\/politica-aziendale-per-la-qualita\/#breadcrumb","itemListElement":[{"@type":"ListItem","position":1,"name":"Home","item":"https:\/\/www.dalminels.com\/it\/"},{"@type":"ListItem","position":2,"name":"Politica Aziendale per la Qualita"}]},{"@type":"WebSite","@id":"https:\/\/www.dalminels.com\/it\/#website","url":"https:\/\/www.dalminels.com\/it\/","name":"Dalmine LS","description":"We will Rack you!","publisher":{"@id":"https:\/\/www.dalminels.com\/it\/#organization"},"alternateName":"Dalmime Logistic Solution","potentialAction":[{"@type":"SearchAction","target":{"@type":"EntryPoint","urlTemplate":"https:\/\/www.dalminels.com\/it\/?s={search_term_string}"},"query-input":{"@type":"PropertyValueSpecification","valueRequired":true,"valueName":"search_term_string"}}],"inLanguage":"it-IT"},{"@type":"Organization","@id":"https:\/\/www.dalminels.com\/it\/#organization","name":"Dalmine LS","alternateName":"Dalmine Logistic Solutions","url":"https:\/\/www.dalminels.com\/it\/","logo":{"@type":"ImageObject","inLanguage":"it-IT","@id":"https:\/\/www.dalminels.com\/it\/#\/schema\/logo\/image\/","url":"https:\/\/www.dalminels.com\/wp-content\/uploads\/2024\/06\/Logo-dalmine-3-8.png","contentUrl":"https:\/\/www.dalminels.com\/wp-content\/uploads\/2024\/06\/Logo-dalmine-3-8.png","width":487,"height":115,"caption":"Dalmine LS"},"image":{"@id":"https:\/\/www.dalminels.com\/it\/#\/schema\/logo\/image\/"},"sameAs":["https:\/\/www.linkedin.com\/company\/dalmine-logistic-solutions","https:\/\/www.youtube.com\/channel\/UCSf7QoZzPlXVJSAUBkGiNJQ"]}]}},"_links":{"self":[{"href":"https:\/\/www.dalminels.com\/it\/wp-json\/wp\/v2\/pages\/19","targetHints":{"allow":["GET"]}}],"collection":[{"href":"https:\/\/www.dalminels.com\/it\/wp-json\/wp\/v2\/pages"}],"about":[{"href":"https:\/\/www.dalminels.com\/it\/wp-json\/wp\/v2\/types\/page"}],"author":[{"embeddable":true,"href":"https:\/\/www.dalminels.com\/it\/wp-json\/wp\/v2\/users\/3"}],"replies":[{"embeddable":true,"href":"https:\/\/www.dalminels.com\/it\/wp-json\/wp\/v2\/comments?post=19"}],"version-history":[{"count":4,"href":"https:\/\/www.dalminels.com\/it\/wp-json\/wp\/v2\/pages\/19\/revisions"}],"predecessor-version":[{"id":20303,"href":"https:\/\/www.dalminels.com\/it\/wp-json\/wp\/v2\/pages\/19\/revisions\/20303"}],"wp:attachment":[{"href":"https:\/\/www.dalminels.com\/it\/wp-json\/wp\/v2\/media?parent=19"}],"curies":[{"name":"wp","href":"https:\/\/api.w.org\/{rel}","templated":true}]}}