{"id":11441,"date":"2022-10-13T13:34:40","date_gmt":"2022-10-13T13:34:40","guid":{"rendered":"https:\/\/demo.artureanec.com\/themes\/industrium\/home-3-copy\/"},"modified":"2026-03-17T12:07:23","modified_gmt":"2026-03-17T11:07:23","slug":"picking","status":"publish","type":"page","link":"https:\/\/www.dalminels.com\/it\/picking\/","title":{"rendered":"Picking"},"content":{"rendered":"\t\t<div data-elementor-type=\"wp-page\" data-elementor-id=\"11441\" class=\"elementor elementor-11441\" data-elementor-post-type=\"page\">\n\t\t\t\t\t\t<section class=\"elementor-section elementor-top-section elementor-element elementor-element-63f1b2be elementor-section-full_width elementor-section-height-min-height elementor-section-height-default elementor-section-items-middle wpr-particle-no wpr-jarallax-no wpr-parallax-no wpr-sticky-section-no\" data-id=\"63f1b2be\" data-element_type=\"section\" data-e-type=\"section\" data-settings=\"{&quot;background_background&quot;:&quot;classic&quot;}\">\n\t\t\t\t\t\t<div class=\"elementor-container elementor-column-gap-default\">\n\t\t\t\t\t<div class=\"elementor-column elementor-col-100 elementor-top-column elementor-element elementor-element-6475589d\" data-id=\"6475589d\" data-element_type=\"column\" data-e-type=\"column\">\n\t\t\t<div class=\"elementor-widget-wrap elementor-element-populated\">\n\t\t\t\t\t\t<section class=\"elementor-section elementor-inner-section elementor-element elementor-element-6d9d4f5 elementor-section-boxed elementor-section-height-default elementor-section-height-default wpr-particle-no wpr-jarallax-no wpr-parallax-no wpr-sticky-section-no\" data-id=\"6d9d4f5\" data-element_type=\"section\" data-e-type=\"section\">\n\t\t\t\t\t\t<div class=\"elementor-container elementor-column-gap-default\">\n\t\t\t\t\t<div class=\"elementor-column elementor-col-100 elementor-inner-column elementor-element elementor-element-1bb019c\" data-id=\"1bb019c\" data-element_type=\"column\" data-e-type=\"column\">\n\t\t\t<div class=\"elementor-widget-wrap elementor-element-populated\">\n\t\t\t\t\t\t<div class=\"elementor-element elementor-element-c703a16 elementor-widget elementor-widget-theme-post-title elementor-page-title elementor-widget-heading\" data-id=\"c703a16\" data-element_type=\"widget\" data-e-type=\"widget\" data-widget_type=\"theme-post-title.default\">\n\t\t\t\t<div class=\"elementor-widget-container\">\n\t\t\t\t\t<h1 class=\"elementor-heading-title elementor-size-default\">Picking<\/h1>\t\t\t\t<\/div>\n\t\t\t\t<\/div>\n\t\t\t\t\t<\/div>\n\t\t<\/div>\n\t\t\t\t\t<\/div>\n\t\t<\/section>\n\t\t\t\t\t<\/div>\n\t\t<\/div>\n\t\t\t\t\t<\/div>\n\t\t<\/section>\n\t\t\t\t<section class=\"elementor-section elementor-top-section elementor-element elementor-element-f1788aa elementor-section-boxed elementor-section-height-default elementor-section-height-default wpr-particle-no wpr-jarallax-no wpr-parallax-no wpr-sticky-section-no\" data-id=\"f1788aa\" data-element_type=\"section\" data-e-type=\"section\">\n\t\t\t\t\t\t<div class=\"elementor-container elementor-column-gap-wide\">\n\t\t\t\t\t<div class=\"elementor-column elementor-col-50 elementor-top-column elementor-element elementor-element-a05bc3c\" data-id=\"a05bc3c\" data-element_type=\"column\" data-e-type=\"column\">\n\t\t\t<div class=\"elementor-widget-wrap elementor-element-populated\">\n\t\t\t\t\t\t<div class=\"elementor-element elementor-element-bd0e1bd elementor-widget elementor-widget-text-editor\" data-id=\"bd0e1bd\" data-element_type=\"widget\" data-e-type=\"widget\" data-widget_type=\"text-editor.default\">\n\t\t\t\t<div class=\"elementor-widget-container\">\n\t\t\t\t\t\t\t\t\t<h4>Colli, box, cassette, capi appesi e materiale sfuso sono le unit\u00e0 di carico per le attivit\u00e0 di picking. Le nostre soluzioni ottimizzano le tue attivit\u00e0 giornaliere.\n <\/h4>\t\t\t\t\t\t\t\t<\/div>\n\t\t\t\t<\/div>\n\t\t\t\t\t<\/div>\n\t\t<\/div>\n\t\t\t\t<div class=\"elementor-column elementor-col-50 elementor-top-column elementor-element elementor-element-3cb8844\" data-id=\"3cb8844\" data-element_type=\"column\" data-e-type=\"column\">\n\t\t\t<div class=\"elementor-widget-wrap elementor-element-populated\">\n\t\t\t\t\t\t<div class=\"elementor-element elementor-element-f5d774e elementor-widget elementor-widget-text-editor\" data-id=\"f5d774e\" data-element_type=\"widget\" data-e-type=\"widget\" data-widget_type=\"text-editor.default\">\n\t\t\t\t<div class=\"elementor-widget-container\">\n\t\t\t\t\t\t\t\t\t<p class=\"p1\">Le strutture per il picking di Dalmine LS si contraddistinguono per la robustezza e la zincatura. Nei casi di <strong>Bi-Bloc<\/strong> e <strong>light Bi-Bloc<\/strong> la bullonatura delle spalle garantisce saturazione dei mezzi di trasporto, stabilit\u00e0, flessibilit\u00e0 dei nodi (utile in caso di sisma e di spinte orizzontali) e semplificazione dei controlli durante le visite ispettive.<\/p>\t\t\t\t\t\t\t\t<\/div>\n\t\t\t\t<\/div>\n\t\t\t\t\t<\/div>\n\t\t<\/div>\n\t\t\t\t\t<\/div>\n\t\t<\/section>\n\t\t\t\t<section class=\"elementor-section elementor-top-section elementor-element elementor-element-64dfcf6f elementor-section-boxed elementor-section-height-default elementor-section-height-default wpr-particle-no wpr-jarallax-no wpr-parallax-no wpr-sticky-section-no\" data-id=\"64dfcf6f\" data-element_type=\"section\" data-e-type=\"section\">\n\t\t\t\t\t\t<div class=\"elementor-container elementor-column-gap-default\">\n\t\t\t\t\t<div class=\"elementor-column elementor-col-100 elementor-top-column elementor-element elementor-element-2c6b1333\" data-id=\"2c6b1333\" data-element_type=\"column\" data-e-type=\"column\">\n\t\t\t<div class=\"elementor-widget-wrap elementor-element-populated\">\n\t\t\t\t\t\t<div class=\"elementor-element elementor-element-7be823b9 elementor-widget elementor-widget-industrium_projects_listing\" data-id=\"7be823b9\" data-element_type=\"widget\" data-e-type=\"widget\" data-widget_type=\"industrium_projects_listing.default\">\n\t\t\t\t<div class=\"elementor-widget-container\">\n\t\t\t\t\t\n        <div class=\"industrium-projects-listing-widget\">\n\n            \n            \n            <div class=\"archive-listing\" data-ajax='{&quot;post_type&quot;:&quot;industrium_project&quot;,&quot;ignore_sticky_posts&quot;:true,&quot;suppress_filters&quot;:true,&quot;orderby&quot;:&quot;date&quot;,&quot;order&quot;:&quot;asc&quot;,&quot;link_base&quot;:&quot;https:\\\/\\\/www.dalminels.com\\\/it\\\/wp-json\\\/wp\\\/v2\\\/pages\\\/11441\\\/&quot;,&quot;industrium_project_category&quot;:[&quot;picking&quot;],&quot;posts_per_page&quot;:100,&quot;columns_number&quot;:2,&quot;paged&quot;:1}' data-widget='{&quot;item_class&quot;:&quot;project-item-wrapper&quot;,&quot;columns_number&quot;:2,&quot;listing_type&quot;:&quot;grid&quot;,&quot;text_position&quot;:&quot;inside&quot;,&quot;show_categories&quot;:&quot;&quot;,&quot;show_excerpt&quot;:&quot;&quot;,&quot;excerpt_length&quot;:71,&quot;show_read_more&quot;:&quot;&quot;,&quot;read_more_text&quot;:&quot;Read More&quot;}'>\n                <div class=\"archive-listing-wrapper project-listing-wrapper text-position-inside project-grid-listing columns-2\">\n                    \n<div class=\"project-item-wrapper post-22123 industrium_project type-industrium_project status-publish has-post-thumbnail hentry industrium_project_category-picking\">\n    <div class=\"project-item\">\n        <a href=\"https:\/\/www.dalminels.com\/it\/picking\/sca%EF%AC%80alature-in-kit-per-uso-domestico\/\" class=\"project-item-link\">\n            <span class=\"project-item-media\"><img decoding=\"async\" alt=\"LEO\" title=\"LEO\" srcset=\"https:\/\/www.dalminels.com\/wp-content\/uploads\/2025\/04\/LEO-640x479.jpg 535w, https:\/\/www.dalminels.com\/wp-content\/uploads\/2025\/04\/LEO-960x718.jpg 951w, https:\/\/www.dalminels.com\/wp-content\/uploads\/2025\/04\/LEO-960x718.jpg 1170w\" sizes=\"(max-width: 575px) 535px, (max-width: 991px) 951px\" src=\"https:\/\/www.dalminels.com\/wp-content\/uploads\/2025\/04\/LEO-960x718.jpg\" class=\"attachment-industrium_project_grid_2_columns size-industrium_project_grid_2_columns wp-post-image\" \/><\/span><span class=\"project-item-content\"><span class=\"post-title\"><span>Sca\ufb00alature in KIT per uso domestico<\/span><\/span><\/span>        <\/a>\n            <\/div>\n<\/div>\n<div class=\"project-item-wrapper post-22178 industrium_project type-industrium_project status-publish has-post-thumbnail hentry industrium_project_category-picking\">\n    <div class=\"project-item\">\n        <a href=\"https:\/\/www.dalminels.com\/it\/picking\/scaffalature-in-kit-per-negozi-e-gdo\/\" class=\"project-item-link\">\n            <span class=\"project-item-media\"><img decoding=\"async\" alt=\"errex1\" title=\"errex1\" srcset=\"https:\/\/www.dalminels.com\/wp-content\/uploads\/2025\/04\/errex1-1-640x479.jpg 535w, https:\/\/www.dalminels.com\/wp-content\/uploads\/2025\/04\/errex1-1-960x718.jpg 951w, https:\/\/www.dalminels.com\/wp-content\/uploads\/2025\/04\/errex1-1-960x718.jpg 1170w\" sizes=\"(max-width: 575px) 535px, (max-width: 991px) 951px\" src=\"https:\/\/www.dalminels.com\/wp-content\/uploads\/2025\/04\/errex1-1-960x718.jpg\" class=\"attachment-industrium_project_grid_2_columns size-industrium_project_grid_2_columns wp-post-image\" \/><\/span><span class=\"project-item-content\"><span class=\"post-title\"><span>Scaffalature in KIT per negozi e GDO<\/span><\/span><\/span>        <\/a>\n            <\/div>\n<\/div>\n<div class=\"project-item-wrapper post-3536 industrium_project type-industrium_project status-publish has-post-thumbnail hentry industrium_project_category-picking\">\n    <div class=\"project-item\">\n        <a href=\"https:\/\/www.dalminels.com\/it\/picking\/scaffalature-a-ripiani-per-arredo-ufficio\/\" class=\"project-item-link\">\n            <span class=\"project-item-media\"><img decoding=\"async\" alt=\"errex_0001_DLS_ERREX_PROD_2\" title=\"errex_0001_DLS_ERREX_PROD_2\" srcset=\"https:\/\/www.dalminels.com\/wp-content\/uploads\/2022\/08\/errex_0001_DLS_ERREX_PROD_2-640x479.jpg 535w, https:\/\/www.dalminels.com\/wp-content\/uploads\/2022\/08\/errex_0001_DLS_ERREX_PROD_2-960x718.jpg 951w, https:\/\/www.dalminels.com\/wp-content\/uploads\/2022\/08\/errex_0001_DLS_ERREX_PROD_2-960x718.jpg 1170w\" sizes=\"(max-width: 575px) 535px, (max-width: 991px) 951px\" src=\"https:\/\/www.dalminels.com\/wp-content\/uploads\/2022\/08\/errex_0001_DLS_ERREX_PROD_2-960x718.jpg\" class=\"attachment-industrium_project_grid_2_columns size-industrium_project_grid_2_columns wp-post-image\" \/><\/span><span class=\"project-item-content\"><span class=\"post-title\"><span>Scaffalature a ripiani per arredo ufficio<\/span><\/span><\/span>        <\/a>\n            <\/div>\n<\/div>\n<div class=\"project-item-wrapper post-3638 industrium_project type-industrium_project status-publish has-post-thumbnail hentry industrium_project_category-picking\">\n    <div class=\"project-item\">\n        <a href=\"https:\/\/www.dalminels.com\/it\/picking\/scaffalature-per-picking-con-commissionatore\/\" class=\"project-item-link\">\n            <span class=\"project-item-media\"><img decoding=\"async\" alt=\"DALMINE-Scaffalature-per-picking-con-commissionatore-Picking_commissionatore_Schindler-2\" title=\"DALMINE-Scaffalature-per-picking-con-commissionatore-Picking_commissionatore_Schindler-2\" srcset=\"https:\/\/www.dalminels.com\/wp-content\/uploads\/2022\/09\/DALMINE-Scaffalature-per-picking-con-commissionatore-Picking_commissionatore_Schindler-2-640x479.jpg 535w, https:\/\/www.dalminels.com\/wp-content\/uploads\/2022\/09\/DALMINE-Scaffalature-per-picking-con-commissionatore-Picking_commissionatore_Schindler-2-960x718.jpg 951w, https:\/\/www.dalminels.com\/wp-content\/uploads\/2022\/09\/DALMINE-Scaffalature-per-picking-con-commissionatore-Picking_commissionatore_Schindler-2-960x718.jpg 1170w\" sizes=\"(max-width: 575px) 535px, (max-width: 991px) 951px\" src=\"https:\/\/www.dalminels.com\/wp-content\/uploads\/2022\/09\/DALMINE-Scaffalature-per-picking-con-commissionatore-Picking_commissionatore_Schindler-2-960x718.jpg\" class=\"attachment-industrium_project_grid_2_columns size-industrium_project_grid_2_columns wp-post-image\" \/><\/span><span class=\"project-item-content\"><span class=\"post-title\"><span>Scaffalature per picking con commissionatore<\/span><\/span><\/span>        <\/a>\n            <\/div>\n<\/div>\n<div class=\"project-item-wrapper post-15006 industrium_project type-industrium_project status-publish has-post-thumbnail hentry industrium_project_category-picking\">\n    <div class=\"project-item\">\n        <a href=\"https:\/\/www.dalminels.com\/it\/picking\/scaffalature-multipiano\/\" class=\"project-item-link\">\n            <span class=\"project-item-media\"><img decoding=\"async\" alt=\"Dalmine-prodotti_0000s_0021_DLS_Mezzanines_01_pag18\" title=\"Dalmine-prodotti_0000s_0021_DLS_Mezzanines_01_pag18\" srcset=\"https:\/\/www.dalminels.com\/wp-content\/uploads\/2023\/02\/Dalmine-prodotti_0000s_0021_DLS_Mezzanines_01_pag18-640x479.jpg 535w, https:\/\/www.dalminels.com\/wp-content\/uploads\/2023\/02\/Dalmine-prodotti_0000s_0021_DLS_Mezzanines_01_pag18-960x718.jpg 951w, https:\/\/www.dalminels.com\/wp-content\/uploads\/2023\/02\/Dalmine-prodotti_0000s_0021_DLS_Mezzanines_01_pag18-960x718.jpg 1170w\" sizes=\"(max-width: 575px) 535px, (max-width: 991px) 951px\" src=\"https:\/\/www.dalminels.com\/wp-content\/uploads\/2023\/02\/Dalmine-prodotti_0000s_0021_DLS_Mezzanines_01_pag18-960x718.jpg\" class=\"attachment-industrium_project_grid_2_columns size-industrium_project_grid_2_columns wp-post-image\" \/><\/span><span class=\"project-item-content\"><span class=\"post-title\"><span>Scaffalature multipiano<\/span><\/span><\/span>        <\/a>\n            <\/div>\n<\/div>\n<div class=\"project-item-wrapper post-15004 industrium_project type-industrium_project status-publish has-post-thumbnail hentry industrium_project_category-picking\">\n    <div class=\"project-item\">\n        <a href=\"https:\/\/www.dalminels.com\/it\/picking\/scaffalature-a-gravita-per-casse-e-colli\/\" class=\"project-item-link\">\n            <span class=\"project-item-media\"><img decoding=\"async\" alt=\"Gravita\u0300 leggero_Ponteggi Dalmine_x4plus\" title=\"Gravita\u0300 leggero_Ponteggi Dalmine_x4plus\" srcset=\"https:\/\/www.dalminels.com\/wp-content\/uploads\/2023\/02\/Gravita-leggero_Ponteggi-Dalmine_x4plus-640x479.jpg 535w, https:\/\/www.dalminels.com\/wp-content\/uploads\/2023\/02\/Gravita-leggero_Ponteggi-Dalmine_x4plus-960x718.jpg 951w, https:\/\/www.dalminels.com\/wp-content\/uploads\/2023\/02\/Gravita-leggero_Ponteggi-Dalmine_x4plus-960x718.jpg 1170w\" sizes=\"(max-width: 575px) 535px, (max-width: 991px) 951px\" src=\"https:\/\/www.dalminels.com\/wp-content\/uploads\/2023\/02\/Gravita-leggero_Ponteggi-Dalmine_x4plus-960x718.jpg\" class=\"attachment-industrium_project_grid_2_columns size-industrium_project_grid_2_columns wp-post-image\" \/><\/span><span class=\"project-item-content\"><span class=\"post-title\"><span>Scaffalature a gravit\u00e0 per casse e colli<\/span><\/span><\/span>        <\/a>\n            <\/div>\n<\/div>\n<div class=\"project-item-wrapper post-16724 industrium_project type-industrium_project status-publish has-post-thumbnail hentry industrium_project_category-picking\">\n    <div class=\"project-item\">\n        <a href=\"https:\/\/www.dalminels.com\/it\/picking\/scaffalature-per-picking-manuale\/\" class=\"project-item-link\">\n            <span class=\"project-item-media\"><img decoding=\"async\" alt=\"dalmine-Scaffalature-per-picking-manuale-IMG_5571\" title=\"dalmine-Scaffalature-per-picking-manuale-IMG_5571\" srcset=\"https:\/\/www.dalminels.com\/wp-content\/uploads\/2024\/07\/dalmine-Scaffalature-per-picking-manuale-IMG_5571-640x479.jpg 535w, https:\/\/www.dalminels.com\/wp-content\/uploads\/2024\/07\/dalmine-Scaffalature-per-picking-manuale-IMG_5571-960x718.jpg 951w, https:\/\/www.dalminels.com\/wp-content\/uploads\/2024\/07\/dalmine-Scaffalature-per-picking-manuale-IMG_5571-960x718.jpg 1170w\" sizes=\"(max-width: 575px) 535px, (max-width: 991px) 951px\" src=\"https:\/\/www.dalminels.com\/wp-content\/uploads\/2024\/07\/dalmine-Scaffalature-per-picking-manuale-IMG_5571-960x718.jpg\" class=\"attachment-industrium_project_grid_2_columns size-industrium_project_grid_2_columns wp-post-image\" \/><\/span><span class=\"project-item-content\"><span class=\"post-title\"><span>Scaffalature per picking manuale<\/span><\/span><\/span>        <\/a>\n            <\/div>\n<\/div>                <\/div>\n\n                            <\/div>\n\n            \n        <\/div>\n        \t\t\t\t<\/div>\n\t\t\t\t<\/div>\n\t\t\t\t\t<\/div>\n\t\t<\/div>\n\t\t\t\t\t<\/div>\n\t\t<\/section>\n\t\t\t\t<\/div>\n\t\t","protected":false},"excerpt":{"rendered":"<p>Colli, box, cassette, capi appesi e materiale sfuso sono le unit\u00e0 di carico per le attivit\u00e0 di picking. Le nostre soluzioni ottimizzano le tue attivit\u00e0 giornaliere. Le strutture per il picking di Dalmine LS si contraddistinguono per la robustezza e la&#8230;<\/p>\n","protected":false},"author":3,"featured_media":0,"parent":0,"menu_order":5,"comment_status":"closed","ping_status":"closed","template":"elementor_header_footer","meta":{"footnotes":""},"class_list":["post-11441","page","type-page","status-publish","hentry"],"yoast_head":"<!-- This site is optimized with the Yoast SEO plugin v27.2 - https:\/\/yoast.com\/product\/yoast-seo-wordpress\/ -->\n<title>Strutture per il picking - Dalmine LS<\/title>\n<meta name=\"description\" content=\"Scopri le nostre soluzioni uniche per ottimizzare le tue attivit\u00e0 di picking: strutture sicure, robuste e adattabili al tuo magazzino.\" \/>\n<meta name=\"robots\" content=\"index, follow, max-snippet:-1, max-image-preview:large, max-video-preview:-1\" \/>\n<link rel=\"canonical\" href=\"https:\/\/www.dalminels.com\/it\/picking\/\" \/>\n<meta property=\"og:locale\" content=\"it_IT\" \/>\n<meta property=\"og:type\" content=\"article\" \/>\n<meta property=\"og:title\" content=\"Strutture per il picking\" \/>\n<meta property=\"og:description\" content=\"Scopri le nostre soluzioni uniche per ottimizzare le tue attivit\u00e0 di picking: strutture sicure, robuste e adattabili al tuo magazzino.\" \/>\n<meta property=\"og:url\" content=\"https:\/\/www.dalminels.com\/it\/picking\/\" \/>\n<meta property=\"og:site_name\" content=\"Dalmine LS\" \/>\n<meta property=\"article:modified_time\" content=\"2026-03-17T11:07:23+00:00\" \/>\n<meta property=\"og:image\" content=\"https:\/\/www.dalminels.com\/wp-content\/uploads\/2024\/07\/dalmine_Picking-100.jpg\" \/>\n\t<meta property=\"og:image:width\" content=\"480\" \/>\n\t<meta property=\"og:image:height\" content=\"590\" \/>\n\t<meta property=\"og:image:type\" content=\"image\/jpeg\" \/>\n<meta name=\"twitter:card\" content=\"summary_large_image\" \/>\n<meta name=\"twitter:title\" content=\"Strutture per il picking\" \/>\n<meta name=\"twitter:description\" content=\"Scopri le nostre soluzioni uniche per ottimizzare le tue attivit\u00e0 di picking: strutture sicure, robuste e adattabili al tuo magazzino.\" \/>\n<meta name=\"twitter:image\" content=\"https:\/\/www.dalminels.com\/wp-content\/uploads\/2024\/07\/dalmine_Picking-100.jpg\" \/>\n<meta name=\"twitter:label1\" content=\"Tempo di lettura stimato\" \/>\n\t<meta name=\"twitter:data1\" content=\"3 minuti\" \/>\n<script type=\"application\/ld+json\" class=\"yoast-schema-graph\">{\"@context\":\"https:\/\/schema.org\",\"@graph\":[{\"@type\":\"WebPage\",\"@id\":\"https:\/\/www.dalminels.com\/it\/picking\/\",\"url\":\"https:\/\/www.dalminels.com\/it\/picking\/\",\"name\":\"Strutture per il picking - Dalmine LS\",\"isPartOf\":{\"@id\":\"https:\/\/www.dalminels.com\/it\/#website\"},\"datePublished\":\"2022-10-13T13:34:40+00:00\",\"dateModified\":\"2026-03-17T11:07:23+00:00\",\"description\":\"Scopri le nostre soluzioni uniche per ottimizzare le tue attivit\u00e0 di picking: strutture sicure, robuste e adattabili al tuo magazzino.\",\"breadcrumb\":{\"@id\":\"https:\/\/www.dalminels.com\/it\/picking\/#breadcrumb\"},\"inLanguage\":\"it-IT\",\"potentialAction\":[{\"@type\":\"ReadAction\",\"target\":[\"https:\/\/www.dalminels.com\/it\/picking\/\"]}]},{\"@type\":\"BreadcrumbList\",\"@id\":\"https:\/\/www.dalminels.com\/it\/picking\/#breadcrumb\",\"itemListElement\":[{\"@type\":\"ListItem\",\"position\":1,\"name\":\"Home\",\"item\":\"https:\/\/www.dalminels.com\/it\/\"},{\"@type\":\"ListItem\",\"position\":2,\"name\":\"Picking\"}]},{\"@type\":\"WebSite\",\"@id\":\"https:\/\/www.dalminels.com\/it\/#website\",\"url\":\"https:\/\/www.dalminels.com\/it\/\",\"name\":\"Dalmine LS\",\"description\":\"We will Rack you!\",\"publisher\":{\"@id\":\"https:\/\/www.dalminels.com\/it\/#organization\"},\"alternateName\":\"Dalmime Logistic Solution\",\"potentialAction\":[{\"@type\":\"SearchAction\",\"target\":{\"@type\":\"EntryPoint\",\"urlTemplate\":\"https:\/\/www.dalminels.com\/it\/?s={search_term_string}\"},\"query-input\":{\"@type\":\"PropertyValueSpecification\",\"valueRequired\":true,\"valueName\":\"search_term_string\"}}],\"inLanguage\":\"it-IT\"},{\"@type\":\"Organization\",\"@id\":\"https:\/\/www.dalminels.com\/it\/#organization\",\"name\":\"Dalmine LS\",\"alternateName\":\"Dalmine Logistic Solutions\",\"url\":\"https:\/\/www.dalminels.com\/it\/\",\"logo\":{\"@type\":\"ImageObject\",\"inLanguage\":\"it-IT\",\"@id\":\"https:\/\/www.dalminels.com\/it\/#\/schema\/logo\/image\/\",\"url\":\"https:\/\/www.dalminels.com\/wp-content\/uploads\/2024\/06\/Logo-dalmine-3-8.png\",\"contentUrl\":\"https:\/\/www.dalminels.com\/wp-content\/uploads\/2024\/06\/Logo-dalmine-3-8.png\",\"width\":487,\"height\":115,\"caption\":\"Dalmine LS\"},\"image\":{\"@id\":\"https:\/\/www.dalminels.com\/it\/#\/schema\/logo\/image\/\"},\"sameAs\":[\"https:\/\/www.linkedin.com\/company\/dalmine-logistic-solutions\",\"https:\/\/www.youtube.com\/channel\/UCSf7QoZzPlXVJSAUBkGiNJQ\"]}]}<\/script>\n<!-- \/ Yoast SEO plugin. -->","yoast_head_json":{"title":"Strutture per il picking - Dalmine LS","description":"Scopri le nostre soluzioni uniche per ottimizzare le tue attivit\u00e0 di picking: strutture sicure, robuste e adattabili al tuo magazzino.","robots":{"index":"index","follow":"follow","max-snippet":"max-snippet:-1","max-image-preview":"max-image-preview:large","max-video-preview":"max-video-preview:-1"},"canonical":"https:\/\/www.dalminels.com\/it\/picking\/","og_locale":"it_IT","og_type":"article","og_title":"Strutture per il picking","og_description":"Scopri le nostre soluzioni uniche per ottimizzare le tue attivit\u00e0 di picking: strutture sicure, robuste e adattabili al tuo magazzino.","og_url":"https:\/\/www.dalminels.com\/it\/picking\/","og_site_name":"Dalmine LS","article_modified_time":"2026-03-17T11:07:23+00:00","og_image":[{"width":480,"height":590,"url":"https:\/\/www.dalminels.com\/wp-content\/uploads\/2024\/07\/dalmine_Picking-100.jpg","type":"image\/jpeg"}],"twitter_card":"summary_large_image","twitter_title":"Strutture per il picking","twitter_description":"Scopri le nostre soluzioni uniche per ottimizzare le tue attivit\u00e0 di picking: strutture sicure, robuste e adattabili al tuo magazzino.","twitter_image":"https:\/\/www.dalminels.com\/wp-content\/uploads\/2024\/07\/dalmine_Picking-100.jpg","twitter_misc":{"Tempo di lettura stimato":"3 minuti"},"schema":{"@context":"https:\/\/schema.org","@graph":[{"@type":"WebPage","@id":"https:\/\/www.dalminels.com\/it\/picking\/","url":"https:\/\/www.dalminels.com\/it\/picking\/","name":"Strutture per il picking - Dalmine LS","isPartOf":{"@id":"https:\/\/www.dalminels.com\/it\/#website"},"datePublished":"2022-10-13T13:34:40+00:00","dateModified":"2026-03-17T11:07:23+00:00","description":"Scopri le nostre soluzioni uniche per ottimizzare le tue attivit\u00e0 di picking: strutture sicure, robuste e adattabili al tuo magazzino.","breadcrumb":{"@id":"https:\/\/www.dalminels.com\/it\/picking\/#breadcrumb"},"inLanguage":"it-IT","potentialAction":[{"@type":"ReadAction","target":["https:\/\/www.dalminels.com\/it\/picking\/"]}]},{"@type":"BreadcrumbList","@id":"https:\/\/www.dalminels.com\/it\/picking\/#breadcrumb","itemListElement":[{"@type":"ListItem","position":1,"name":"Home","item":"https:\/\/www.dalminels.com\/it\/"},{"@type":"ListItem","position":2,"name":"Picking"}]},{"@type":"WebSite","@id":"https:\/\/www.dalminels.com\/it\/#website","url":"https:\/\/www.dalminels.com\/it\/","name":"Dalmine LS","description":"We will Rack you!","publisher":{"@id":"https:\/\/www.dalminels.com\/it\/#organization"},"alternateName":"Dalmime Logistic Solution","potentialAction":[{"@type":"SearchAction","target":{"@type":"EntryPoint","urlTemplate":"https:\/\/www.dalminels.com\/it\/?s={search_term_string}"},"query-input":{"@type":"PropertyValueSpecification","valueRequired":true,"valueName":"search_term_string"}}],"inLanguage":"it-IT"},{"@type":"Organization","@id":"https:\/\/www.dalminels.com\/it\/#organization","name":"Dalmine LS","alternateName":"Dalmine Logistic Solutions","url":"https:\/\/www.dalminels.com\/it\/","logo":{"@type":"ImageObject","inLanguage":"it-IT","@id":"https:\/\/www.dalminels.com\/it\/#\/schema\/logo\/image\/","url":"https:\/\/www.dalminels.com\/wp-content\/uploads\/2024\/06\/Logo-dalmine-3-8.png","contentUrl":"https:\/\/www.dalminels.com\/wp-content\/uploads\/2024\/06\/Logo-dalmine-3-8.png","width":487,"height":115,"caption":"Dalmine LS"},"image":{"@id":"https:\/\/www.dalminels.com\/it\/#\/schema\/logo\/image\/"},"sameAs":["https:\/\/www.linkedin.com\/company\/dalmine-logistic-solutions","https:\/\/www.youtube.com\/channel\/UCSf7QoZzPlXVJSAUBkGiNJQ"]}]}},"_links":{"self":[{"href":"https:\/\/www.dalminels.com\/it\/wp-json\/wp\/v2\/pages\/11441","targetHints":{"allow":["GET"]}}],"collection":[{"href":"https:\/\/www.dalminels.com\/it\/wp-json\/wp\/v2\/pages"}],"about":[{"href":"https:\/\/www.dalminels.com\/it\/wp-json\/wp\/v2\/types\/page"}],"author":[{"embeddable":true,"href":"https:\/\/www.dalminels.com\/it\/wp-json\/wp\/v2\/users\/3"}],"replies":[{"embeddable":true,"href":"https:\/\/www.dalminels.com\/it\/wp-json\/wp\/v2\/comments?post=11441"}],"version-history":[{"count":21,"href":"https:\/\/www.dalminels.com\/it\/wp-json\/wp\/v2\/pages\/11441\/revisions"}],"predecessor-version":[{"id":23587,"href":"https:\/\/www.dalminels.com\/it\/wp-json\/wp\/v2\/pages\/11441\/revisions\/23587"}],"wp:attachment":[{"href":"https:\/\/www.dalminels.com\/it\/wp-json\/wp\/v2\/media?parent=11441"}],"curies":[{"name":"wp","href":"https:\/\/api.w.org\/{rel}","templated":true}]}}